{"id":2568,"date":"2025-07-01T12:22:04","date_gmt":"2025-07-01T18:22:04","guid":{"rendered":"https:\/\/zogen.koodeserver.com\/?page_id=2568"},"modified":"2025-07-28T16:44:01","modified_gmt":"2025-07-28T22:44:01","slug":"aviso-de-privacidad","status":"publish","type":"page","link":"https:\/\/zogen.mx\/en\/aviso-de-privacidad\/","title":{"rendered":"Privacy Notice"},"content":{"rendered":"<div data-elementor-type=\"wp-page\" data-elementor-id=\"2568\" class=\"elementor elementor-2568\" data-elementor-post-type=\"page\">\n\t\t\t\t<div class=\"elementor-element elementor-element-363aa14 e-flex e-con-boxed e-con e-parent\" data-id=\"363aa14\" data-element_type=\"container\">\n\t\t\t\t\t<div class=\"e-con-inner\">\n\t\t\t\t<div class=\"elementor-element elementor-element-f2b33a3 elementor-widget elementor-widget-heading\" data-id=\"f2b33a3\" data-element_type=\"widget\" data-widget_type=\"heading.default\">\n\t\t\t\t<div class=\"elementor-widget-container\">\n\t\t\t\t\t<h2 class=\"elementor-heading-title elementor-size-default\">Privacy Notice<\/h2>\t\t\t\t<\/div>\n\t\t\t\t<\/div>\n\t\t\t\t<div class=\"elementor-element elementor-element-a0ec23d elementor-widget elementor-widget-text-editor\" data-id=\"a0ec23d\" data-element_type=\"widget\" data-widget_type=\"text-editor.default\">\n\t\t\t\t<div class=\"elementor-widget-container\">\n\t\t\t\t\t\t\t\t\t<p class=\"\">De conformidad con lo establecido en la Ley Federal de Protecci\u00f3n de Datos Personales en Posesi\u00f3n de los Particulares, <strong>PROMOTORA SN SAPI DE CV (zogen)<\/strong> pone a su disposici\u00f3n el siguiente aviso de privacidad.<\/p><p class=\"\"><strong>zogen <\/strong>es responsable del uso y protecci\u00f3n de sus datos personales, en este sentido y atendiendo las obligaciones legales establecidas en la Ley Federal de Protecci\u00f3n de Datos Personales en Posesi\u00f3n de los Particulares, a trav\u00e9s de este instrumento se informa a los titulares de los datos, la informaci\u00f3n que se recaba y los fines que se le dar\u00e1n a dicha informaci\u00f3n.<\/p><p class=\"\">Adem\u00e1s de lo anterior, informamos a usted que <strong>zogen <\/strong>tiene su domicilio ubicado en:<\/p><p class=\"\">ZOGEN \u2013 CORAS 3515, INTERIOR 4, COLONIA MONRAZ. C.P. 44670. GUADALAJARA, JALISCO, M\u00c9XICO.<\/p><p class=\"\">Los datos personales que recabamos de usted ser\u00e1n utilizados para las siguientes finalidades, las cuales son necesarias para concretar nuestra relaci\u00f3n con usted, as\u00ed como atender los servicios y\/o pedidos que solicite:<\/p><p class=\"\">Realizaci\u00f3n y coordinaci\u00f3n del \u00abEstudio\u00bb, elaboraci\u00f3n de informes, almacenamiento y resguardo por 5 a\u00f1os; manejo y almacenamiento de la informaci\u00f3n gen\u00f3mica y gen\u00e9tica: los resultados del \u00abEstudio\u00bb (o \u00abInformaci\u00f3n Gen\u00f3mica y Gen\u00e9tica Tumoral\u00bb) formar\u00e1n parte de su historial m\u00e9dico; y podr\u00e1n ser almacenados por <strong>zogen<\/strong> y su m\u00e9dico tratante. Asimismo, su \u00abInformaci\u00f3n Gen\u00f3mica y Gen\u00e9tica Tumoral\u00bb tambi\u00e9n podr\u00e1 mantenerse por un periodo indefinido y ser utilizada o consultada por <strong>zogen<\/strong>, as\u00ed como el m\u00e9dico tratante para cuestiones operativas o garant\u00eda de calidad. Ninguna otra persona o entidad podr\u00e1 tener acceso o mantener el resultado del \u00abEstudio\u00bb sin su previa autorizaci\u00f3n por escrito. En cualquier momento, usted podr\u00e1 ejercer los derechos de acceso, rectificaci\u00f3n, cancelaci\u00f3n y oposici\u00f3n (derechos ARCO) respecto a sus datos personales y\/o datos personales sensibles. Asimismo, usted podr\u00e1 limitar el uso o divulgaci\u00f3n de sus datos personales y revocar el consentimiento que haya otorgado para el tratamiento de su informaci\u00f3n personal (siempre y cuando el tratamiento que se lleve a cabo con los datos personales no sea un tratamiento necesario o que resulte de una relaci\u00f3n jur\u00eddica). La obligaci\u00f3n de acceso se dar\u00e1 por cumplida cuando: i) los datos se pongan a disposici\u00f3n del titular de los datos personales o bien, ii) mediante la expedici\u00f3n de copias simples, medios magn\u00e9ticos, \u00f3pticos, sonoros, visuales, hologr\u00e1ficos, documentos electr\u00f3nicos o cualquier otro medio o tecnolog\u00eda que se considere adecuada.<\/p><p class=\"\">Para llevar a cabo las finalidades descritas en el presente aviso de privacidad, <strong>zogen<\/strong> utilizar\u00e1 los siguientes datos personales: nombre del paciente, tel\u00e9fono, domicilio, correo electr\u00f3nico, nacionalidad, edad, sexo y ocupaci\u00f3n profesional.<\/p><p class=\"\">Adem\u00e1s de estos datos personales, se har\u00e1 uso de los siguientes datos que conforme a la ley son considerados como datos personales sensibles: origen racial, diagn\u00f3stico del paciente y\/o patolog\u00eda, datos de seguros privados, expedientes m\u00e9dicos, resultados de laboratorios y\/o cualquier tipo de estudio m\u00e9dico realizado e historia cl\u00ednica.<\/p><p class=\"\">Por otra parte, informamos a usted que sus datos personales ser\u00e1n compartidos con las siguientes autoridades, empresas, organizaciones o personas distintas a nosotros: laboratorio donde se har\u00e1n los estudios moleculares, bajo previo aviso (documento de consentimiento informado), su informaci\u00f3n ser\u00e1 compartida exclusivamente para los fines que a continuaci\u00f3n se mencionan:<\/p><p class=\"\"><strong>zogen<\/strong> y los laboratorios donde se realicen los an\u00e1lisis del estudio solicitado podr\u00e1n utilizar la \u00abInformaci\u00f3n Gen\u00f3mica y Gen\u00e9tica Tumoral\u00bb y los resultados del \u00abEstudio\u00bb para alimentar su base de datos y para el desarrollo de otros estudios gen\u00f3micos y gen\u00e9ticos, incluyendo el an\u00e1lisis estad\u00edstico y la publicaci\u00f3n cient\u00edfica de resultados en general de la base de datos y\/o de forma individual, excluyendo en todo momento, cualquier dato que pueda permitir su identificaci\u00f3n. De esta forma, usted expresamente autoriza a zogen y a los laboratorios designados para la realizaci\u00f3n del estudio para el uso perpetuo y gratuito de su \u00abInformaci\u00f3n Gen\u00f3mica y Gen\u00e9tica Tumoral\u00bb y resultados obtenidos en la realizaci\u00f3n del \u00abEstudio\u00bb (excluyendo en todo momento cualquier dato que pueda identificarlo).<\/p><p class=\"\">Usted tiene en todo momento el derecho a conocer qu\u00e9 datos personales <strong>zogen<\/strong> tiene de usted, para qu\u00e9 se utilizan y las condiciones del uso que se les da (Acceso). Asimismo, es su derecho solicitar la correcci\u00f3n de su informaci\u00f3n personal en caso de que est\u00e9 desactualizada, sea inexacta o incompleta (Rectificaci\u00f3n); de igual manera, tiene derecho a que su informaci\u00f3n se elimine de los registros o bases de datos de <strong>zogen<\/strong> cuando considere que la misma no est\u00e1 siendo utilizada adecuadamente (Cancelaci\u00f3n); as\u00ed como tambi\u00e9n a oponerse al uso de sus datos personales para fines espec\u00edficos (Oposici\u00f3n). Estos derechos se conocen como derechos ARCO.<\/p><p class=\"\">Para el ejercicio de cualquiera de los derechos ARCO, se deber\u00e1 presentar la solicitud respectiva enviando un correo electr\u00f3nico a la siguiente direcci\u00f3n: <a href=\"mailto:contacto@zogen.mx\">contacto@zogen.mx<\/a><\/p><p class=\"\">Lo anterior tambi\u00e9n servir\u00e1 para conocer el procedimiento y requisitos para el ejercicio de los derechos ARCO, no obstante, la solicitud de ejercicio de estos derechos debe contener la siguiente informaci\u00f3n: Nombre, correo electr\u00f3nico, tel\u00e9fono, motivo de la solicitud, fecha, firma.<\/p><p class=\"\">La respuesta a la solicitud se dar\u00e1 en 5 d\u00edas h\u00e1biles y se comunicar\u00e1 a trav\u00e9s de correo electr\u00f3nico.<\/p><p class=\"\">Los datos de contacto de la persona o departamento de datos personales, que est\u00e1 a cargo de dar tr\u00e1mite a las solicitudes de derechos ARCO, son los siguientes:<\/p><p class=\"\">a) Nombre del responsable: Departamento legal asignado por ZOGEN<\/p><p class=\"\">b) Domicilio ZOGEN: CORAS 3515, INTERIOR 4, COLONIA MONRAZ. C.P. 44670. GUADALAJARA, JALISCO, M\u00c9XICO<\/p><p class=\"\">c) Correo electr\u00f3nico: <a href=\"mailto:contacto@zogen.mx\">contacto@zogen.mx<\/a><\/p><p class=\"\">Cabe mencionar que en cualquier momento usted puede revocar su consentimiento para el uso de sus datos personales. Del mismo modo, usted puede revocar el consentimiento que, en su caso, haya otorgado a <strong>zogen<\/strong> para el tratamiento de sus datos personales. Sin embargo, es importante que tenga en cuenta que no en todos los casos se podr\u00e1 atender su solicitud o concluir el uso de forma inmediata, ya que es posible que por alguna obligaci\u00f3n legal se requiera seguir tratando sus datos personales. Asimismo, usted deber\u00e1 considerar que, para ciertos fines, la revocaci\u00f3n de su consentimiento implicar\u00e1 que <strong>zogen<\/strong> no pueda seguir prestando el servicio que solicit\u00f3, o la conclusi\u00f3n de su relaci\u00f3n con <strong>zogen<\/strong>.<\/p><p class=\"\">Para revocar el consentimiento que usted otorga en este acto o para limitar su divulgaci\u00f3n, se deber\u00e1 presentar la solicitud respectiva enviando un correo electr\u00f3nico a la siguiente direcci\u00f3n: <a href=\"mailto:contacto@zogen.mx\">contacto@zogen.mx<\/a><\/p><p class=\"\">Del mismo modo, podr\u00e1 solicitar la informaci\u00f3n para conocer el procedimiento y requisitos para la revocaci\u00f3n del consentimiento, as\u00ed como limitar el uso y divulgaci\u00f3n de su informaci\u00f3n personal.<\/p><p class=\"\">En cualquier caso, la respuesta a las peticiones se dar\u00e1 a conocer en un plazo de 5 d\u00edas h\u00e1biles.<\/p><p class=\"\">El presente aviso de privacidad puede sufrir modificaciones, cambios o actualizaciones derivadas de nuevos requerimientos legales; de las propias necesidades de <strong>zogen<\/strong> por los productos o servicios que ofrece; de las pr\u00e1cticas de privacidad de <strong>zogen<\/strong>; de cambios en el modelo de negocio de <strong>zogen<\/strong>, o por otras causas, por lo cual, <strong>zogen<\/strong> se compromete a mantenerlo informado sobre los cambios que pueda sufrir el presente aviso de privacidad, sin embargo, usted puede solicitar informaci\u00f3n sobre si el mismo ha sufrido alg\u00fan cambio enviando un correo electr\u00f3nico a la siguiente direcci\u00f3n: <a href=\"mailto:contacto@zogen.mx\">contacto@zogen.mx<\/a><\/p><p class=\"\">\u00daltima actualizaci\u00f3n 03\/06\/2021<\/p>\t\t\t\t\t\t\t\t<\/div>\n\t\t\t\t<\/div>\n\t\t\t\t\t<\/div>\n\t\t\t\t<\/div>\n\t\t\t\t<\/div>","protected":false},"excerpt":{"rendered":"<p>Aviso de Privacidad De conformidad con lo establecido en la Ley Federal de Protecci\u00f3n de Datos Personales en Posesi\u00f3n de los Particulares, PROMOTORA SN SAPI DE CV (zogen) pone a su disposici\u00f3n el siguiente aviso de privacidad. zogen es responsable del uso y protecci\u00f3n de sus datos personales, en este sentido y atendiendo las obligaciones [&hellip;]<\/p>\n","protected":false},"author":5,"featured_media":0,"parent":0,"menu_order":0,"comment_status":"closed","ping_status":"closed","template":"","meta":{"_acf_changed":false,"_monsterinsights_skip_tracking":false,"_monsterinsights_sitenote_active":false,"_monsterinsights_sitenote_note":"","_monsterinsights_sitenote_category":0,"footnotes":""},"class_list":["post-2568","page","type-page","status-publish","hentry"],"acf":[],"yoast_head":"<!-- This site is optimized with the Yoast SEO plugin v26.8 - https:\/\/yoast.com\/product\/yoast-seo-wordpress\/ -->\n<title>Aviso de Privacidad - zogen<\/title>\n<meta name=\"robots\" content=\"noindex, nofollow\" \/>\n<meta property=\"og:locale\" content=\"en_US\" \/>\n<meta property=\"og:type\" content=\"article\" \/>\n<meta property=\"og:title\" content=\"Aviso de Privacidad - zogen\" \/>\n<meta property=\"og:description\" content=\"Aviso de Privacidad De conformidad con lo establecido en la Ley Federal de Protecci\u00f3n de Datos Personales en Posesi\u00f3n de los Particulares, PROMOTORA SN SAPI DE CV (zogen) pone a su disposici\u00f3n el siguiente aviso de privacidad. zogen es responsable del uso y protecci\u00f3n de sus datos personales, en este sentido y atendiendo las obligaciones [&hellip;]\" \/>\n<meta property=\"og:url\" content=\"https:\/\/zogen.mx\/en\/aviso-de-privacidad\/\" \/>\n<meta property=\"og:site_name\" content=\"zogen\" \/>\n<meta property=\"article:publisher\" content=\"https:\/\/www.facebook.com\/zogenmx\" \/>\n<meta property=\"article:modified_time\" content=\"2025-07-28T22:44:01+00:00\" \/>\n<meta name=\"twitter:card\" content=\"summary_large_image\" \/>\n<meta name=\"twitter:label1\" content=\"Est. reading time\" \/>\n\t<meta name=\"twitter:data1\" content=\"6 minutes\" \/>\n<script type=\"application\/ld+json\" class=\"yoast-schema-graph\">{\"@context\":\"https:\/\/schema.org\",\"@graph\":[{\"@type\":\"NewsArticle\",\"@id\":\"https:\/\/zogen.mx\/aviso-de-privacidad\/#article\",\"isPartOf\":{\"@id\":\"https:\/\/zogen.mx\/aviso-de-privacidad\/\"},\"author\":{\"name\":\"devkoodemx\",\"@id\":\"https:\/\/zogen.mx\/#\/schema\/person\/378f43f6e54ecfa924fdff8133f1c175\"},\"headline\":\"Aviso de Privacidad\",\"datePublished\":\"2025-07-01T18:22:04+00:00\",\"dateModified\":\"2025-07-28T22:44:01+00:00\",\"mainEntityOfPage\":{\"@id\":\"https:\/\/zogen.mx\/aviso-de-privacidad\/\"},\"wordCount\":1296,\"publisher\":{\"@id\":\"https:\/\/zogen.mx\/#organization\"},\"inLanguage\":\"en-US\"},{\"@type\":\"WebPage\",\"@id\":\"https:\/\/zogen.mx\/aviso-de-privacidad\/\",\"url\":\"https:\/\/zogen.mx\/aviso-de-privacidad\/\",\"name\":\"Aviso de Privacidad - zogen\",\"isPartOf\":{\"@id\":\"https:\/\/zogen.mx\/#website\"},\"datePublished\":\"2025-07-01T18:22:04+00:00\",\"dateModified\":\"2025-07-28T22:44:01+00:00\",\"breadcrumb\":{\"@id\":\"https:\/\/zogen.mx\/aviso-de-privacidad\/#breadcrumb\"},\"inLanguage\":\"en-US\",\"potentialAction\":[{\"@type\":\"ReadAction\",\"target\":[\"https:\/\/zogen.mx\/aviso-de-privacidad\/\"]}]},{\"@type\":\"BreadcrumbList\",\"@id\":\"https:\/\/zogen.mx\/aviso-de-privacidad\/#breadcrumb\",\"itemListElement\":[{\"@type\":\"ListItem\",\"position\":1,\"name\":\"Portada\",\"item\":\"https:\/\/zogen.mx\/\"},{\"@type\":\"ListItem\",\"position\":2,\"name\":\"Aviso de Privacidad\"}]},{\"@type\":\"WebSite\",\"@id\":\"https:\/\/zogen.mx\/#website\",\"url\":\"https:\/\/zogen.mx\/\",\"name\":\"zogen\",\"description\":\"Diagn\u00f3stico Molecular Avanzado para C\u00e1ncer y Otros Padecimientos\",\"publisher\":{\"@id\":\"https:\/\/zogen.mx\/#organization\"},\"potentialAction\":[{\"@type\":\"SearchAction\",\"target\":{\"@type\":\"EntryPoint\",\"urlTemplate\":\"https:\/\/zogen.mx\/?s={search_term_string}\"},\"query-input\":{\"@type\":\"PropertyValueSpecification\",\"valueRequired\":true,\"valueName\":\"search_term_string\"}}],\"inLanguage\":\"en-US\"},{\"@type\":\"Organization\",\"@id\":\"https:\/\/zogen.mx\/#organization\",\"name\":\"zogen\",\"url\":\"https:\/\/zogen.mx\/\",\"logo\":{\"@type\":\"ImageObject\",\"inLanguage\":\"en-US\",\"@id\":\"https:\/\/zogen.mx\/#\/schema\/logo\/image\/\",\"url\":\"https:\/\/zogen.mx\/wp-content\/uploads\/2025\/06\/Asset-25-scaled.png\",\"contentUrl\":\"https:\/\/zogen.mx\/wp-content\/uploads\/2025\/06\/Asset-25-scaled.png\",\"width\":2560,\"height\":566,\"caption\":\"zogen\"},\"image\":{\"@id\":\"https:\/\/zogen.mx\/#\/schema\/logo\/image\/\"},\"sameAs\":[\"https:\/\/www.facebook.com\/zogenmx\"]},{\"@type\":\"Person\",\"@id\":\"https:\/\/zogen.mx\/#\/schema\/person\/378f43f6e54ecfa924fdff8133f1c175\",\"name\":\"devkoodemx\"}]}<\/script>\n<!-- \/ Yoast SEO plugin. -->","yoast_head_json":{"title":"Aviso de Privacidad - zogen","robots":{"index":"noindex","follow":"nofollow"},"og_locale":"en_US","og_type":"article","og_title":"Aviso de Privacidad - zogen","og_description":"Aviso de Privacidad De conformidad con lo establecido en la Ley Federal de Protecci\u00f3n de Datos Personales en Posesi\u00f3n de los Particulares, PROMOTORA SN SAPI DE CV (zogen) pone a su disposici\u00f3n el siguiente aviso de privacidad. zogen es responsable del uso y protecci\u00f3n de sus datos personales, en este sentido y atendiendo las obligaciones [&hellip;]","og_url":"https:\/\/zogen.mx\/en\/aviso-de-privacidad\/","og_site_name":"zogen","article_publisher":"https:\/\/www.facebook.com\/zogenmx","article_modified_time":"2025-07-28T22:44:01+00:00","twitter_card":"summary_large_image","twitter_misc":{"Est. reading time":"6 minutes"},"schema":{"@context":"https:\/\/schema.org","@graph":[{"@type":"NewsArticle","@id":"https:\/\/zogen.mx\/aviso-de-privacidad\/#article","isPartOf":{"@id":"https:\/\/zogen.mx\/aviso-de-privacidad\/"},"author":{"name":"devkoodemx","@id":"https:\/\/zogen.mx\/#\/schema\/person\/378f43f6e54ecfa924fdff8133f1c175"},"headline":"Aviso de Privacidad","datePublished":"2025-07-01T18:22:04+00:00","dateModified":"2025-07-28T22:44:01+00:00","mainEntityOfPage":{"@id":"https:\/\/zogen.mx\/aviso-de-privacidad\/"},"wordCount":1296,"publisher":{"@id":"https:\/\/zogen.mx\/#organization"},"inLanguage":"en-US"},{"@type":"WebPage","@id":"https:\/\/zogen.mx\/aviso-de-privacidad\/","url":"https:\/\/zogen.mx\/aviso-de-privacidad\/","name":"Aviso de Privacidad - zogen","isPartOf":{"@id":"https:\/\/zogen.mx\/#website"},"datePublished":"2025-07-01T18:22:04+00:00","dateModified":"2025-07-28T22:44:01+00:00","breadcrumb":{"@id":"https:\/\/zogen.mx\/aviso-de-privacidad\/#breadcrumb"},"inLanguage":"en-US","potentialAction":[{"@type":"ReadAction","target":["https:\/\/zogen.mx\/aviso-de-privacidad\/"]}]},{"@type":"BreadcrumbList","@id":"https:\/\/zogen.mx\/aviso-de-privacidad\/#breadcrumb","itemListElement":[{"@type":"ListItem","position":1,"name":"Portada","item":"https:\/\/zogen.mx\/"},{"@type":"ListItem","position":2,"name":"Aviso de Privacidad"}]},{"@type":"WebSite","@id":"https:\/\/zogen.mx\/#website","url":"https:\/\/zogen.mx\/","name":"zogen","description":"Advanced Molecular Diagnostics for Cancer and Other Conditions","publisher":{"@id":"https:\/\/zogen.mx\/#organization"},"potentialAction":[{"@type":"SearchAction","target":{"@type":"EntryPoint","urlTemplate":"https:\/\/zogen.mx\/?s={search_term_string}"},"query-input":{"@type":"PropertyValueSpecification","valueRequired":true,"valueName":"search_term_string"}}],"inLanguage":"en-US"},{"@type":"Organization","@id":"https:\/\/zogen.mx\/#organization","name":"zogen","url":"https:\/\/zogen.mx\/","logo":{"@type":"ImageObject","inLanguage":"en-US","@id":"https:\/\/zogen.mx\/#\/schema\/logo\/image\/","url":"https:\/\/zogen.mx\/wp-content\/uploads\/2025\/06\/Asset-25-scaled.png","contentUrl":"https:\/\/zogen.mx\/wp-content\/uploads\/2025\/06\/Asset-25-scaled.png","width":2560,"height":566,"caption":"zogen"},"image":{"@id":"https:\/\/zogen.mx\/#\/schema\/logo\/image\/"},"sameAs":["https:\/\/www.facebook.com\/zogenmx"]},{"@type":"Person","@id":"https:\/\/zogen.mx\/#\/schema\/person\/378f43f6e54ecfa924fdff8133f1c175","name":"devkoodemx"}]}},"_links":{"self":[{"href":"https:\/\/zogen.mx\/en\/wp-json\/wp\/v2\/pages\/2568","targetHints":{"allow":["GET"]}}],"collection":[{"href":"https:\/\/zogen.mx\/en\/wp-json\/wp\/v2\/pages"}],"about":[{"href":"https:\/\/zogen.mx\/en\/wp-json\/wp\/v2\/types\/page"}],"author":[{"embeddable":true,"href":"https:\/\/zogen.mx\/en\/wp-json\/wp\/v2\/users\/5"}],"replies":[{"embeddable":true,"href":"https:\/\/zogen.mx\/en\/wp-json\/wp\/v2\/comments?post=2568"}],"version-history":[{"count":0,"href":"https:\/\/zogen.mx\/en\/wp-json\/wp\/v2\/pages\/2568\/revisions"}],"wp:attachment":[{"href":"https:\/\/zogen.mx\/en\/wp-json\/wp\/v2\/media?parent=2568"}],"curies":[{"name":"wp","href":"https:\/\/api.w.org\/{rel}","templated":true}]}}